{"id":448,"date":"2021-09-22T09:04:27","date_gmt":"2021-09-22T06:04:27","guid":{"rendered":"https:\/\/yn.com.tr\/?page_id=448"},"modified":"2021-09-24T09:51:53","modified_gmt":"2021-09-24T06:51:53","slug":"mekanik","status":"publish","type":"page","link":"https:\/\/yn.com.tr\/index.php\/hizmetlerimiz\/mekanik\/","title":{"rendered":"Mekanik"},"content":{"rendered":"<p>[vc_row el_id=&#8221;isitma&#8221; el_class=&#8221;m-t-n-md p-t-md&#8221;][vc_column][vc_custom_heading text=&#8221;Is\u0131tma Sistemleri&#8221; use_theme_fonts=&#8221;yes&#8221; el_class=&#8221;m-b-md&#8221;][vc_column_text]Binalar i\u00e7in \u0131s\u0131tma sistemlerinin se\u00e7iminde farkl\u0131 fakt\u00f6rler belirleyici olabilmektedir. Bu fakt\u00f6rler aras\u0131nda \u00f6rnek olarak, binan\u0131n kullan\u0131m amac\u0131, binadaki b\u00f6l\u00fcmlerin kullan\u0131m s\u00fcreleri, mevcut ve kullan\u0131labilir yak\u0131t t\u00fcrleri, projenin b\u00fct\u00e7esi gibi kriterler yer almaktad\u0131r. Is\u0131tma tekni\u011fi, ekonomiklik ve \u00e7evre a\u00e7\u0131s\u0131ndan her bina i\u00e7in uygun \u00e7\u00f6z\u00fcm\u00fc bulmak amac\u0131yla farkl\u0131 \u0131s\u0131tma sistemi alternatifleri g\u00f6z \u00f6n\u00fcne al\u0131nmal\u0131 ve bunlar dikkatlice de\u011ferlendirilmelidir. Genel olarak, ayn\u0131 bina i\u00e7in farkl\u0131 \u0131s\u0131tma y\u00f6ntemleri ge\u00e7erli olabilir.<\/p>\n<p>Tercih yaparken g\u00f6z \u00f6n\u00fcne al\u0131nmas\u0131 gereken, \u0131s\u0131tma sisteminin sadece ilk yat\u0131r\u0131m maliyeti ya da i\u015fletme giderleri de\u011fil, bunlarla birlikte amortisman giderlerinin ve di\u011fer giderlerin de de\u011ferlendirilmesiyle ortaya \u00e7\u0131kan toplam maliyetidir. Bu nedenle, yap\u0131 projelerinin m\u00fcmk\u00fcn olan en erken safhalar\u0131nda \u0131s\u0131tma sistemi tercihi \u00fczerinde d\u00fc\u015f\u00fcn\u00fclmeli ve bu a\u015famada uzman mekanik tesisat m\u00fchendisi devreye girmelidir. Binalarda harcanan enerjinin \u00f6nemli bir k\u0131sm\u0131 \u0131s\u0131tma ve s\u0131cak su haz\u0131rlamaya ayr\u0131ld\u0131\u011f\u0131 i\u00e7in, \u00f6zellikle enerji tasarrufu a\u00e7\u0131s\u0131ndan d\u00fc\u015f\u00fcn\u00fclecek olursa sistem tercihi konusunda erken harekete ge\u00e7mek \u00f6nem kazanmaktad\u0131r. Ayn\u0131 zamanda, mimari projede \u00f6ng\u00f6r\u00fclen bina \u0131s\u0131 izolasyonu da \u0131s\u0131tma sisteminin ilk yat\u0131r\u0131m maliyetini ve i\u015fletme giderlerini olduk\u00e7a etkileyen bir fakt\u00f6rd\u00fcr.<\/p>\n<p>Merkezi \u0131s\u0131tma sistemleri, kazan tesisat\u0131, proses yakma sistemleri, g\u00fcne\u015f enerjisi, bacalar, yerden \u0131s\u0131tma, s\u0131cak hava apareyleri\u2026.[\/vc_column_text][vc_gallery type=&#8221;nivo&#8221; interval=&#8221;3&#8243; images=&#8221;249,251&#8243; img_size=&#8221;1140&#215;430&#8243; onclick=&#8221;&#8221; el_class=&#8221;nav-right mb-1&#8243;][vc_separator color=&#8221;custom&#8221; style=&#8221;solid&#8221; gap=&#8221;taller&#8221; accent_color=&#8221;#dbdbdb&#8221; el_class=&#8221;m-b-none&#8221;][\/vc_column][\/vc_row][vc_row el_id=&#8221;sogutma&#8221; el_class=&#8221;m-t-n-md p-t-md&#8221;][vc_column][vc_custom_heading text=&#8221;So\u011futma Sistemleri&#8221; use_theme_fonts=&#8221;yes&#8221; el_class=&#8221;m-b-md&#8221;][vc_column_text]So\u011futman\u0131n genel tan\u0131m\u0131 k\u0131saca \u201cbir maddenin veya ortam\u0131n s\u0131cakl\u0131\u011f\u0131n\u0131, o madde veya ortam\u0131 \u00e7evreleyen ortam\u0131n s\u0131cakl\u0131\u011f\u0131n\u0131n alt\u0131na indirmek ve orada muhafaza edebilmek maksad\u0131 ile madde veya ortam\u0131n \u0131s\u0131s\u0131n\u0131n al\u0131nmas\u0131 i\u015flemi\u201d olarak yap\u0131labilir. Bu i\u015flemleri yapan tesislere de so\u011futma sistemleri denir.<\/p>\n<p>VRF Klima Sistemleri, Hava ve Su So\u011futmal\u0131 Chiller Gruplar\u0131, Hassas Kontroll\u00fc ve Nem Kontroll\u00fc Sistemler, Hijyenik Sistemler\u2026[\/vc_column_text][vc_gallery type=&#8221;nivo&#8221; interval=&#8221;3&#8243; images=&#8221;472&#8243; img_size=&#8221;1140&#215;430&#8243; onclick=&#8221;&#8221; el_class=&#8221;nav-right mb-1&#8243;][vc_separator color=&#8221;custom&#8221; style=&#8221;solid&#8221; gap=&#8221;taller&#8221; accent_color=&#8221;#dbdbdb&#8221; el_class=&#8221;m-b-none&#8221;][\/vc_column][\/vc_row][vc_row el_id=&#8221;havalandirma&#8221; el_class=&#8221;m-t-n-md p-t-md&#8221;][vc_column][vc_custom_heading text=&#8221;Havaland\u0131rma Sistemleri&#8221; use_theme_fonts=&#8221;yes&#8221; el_class=&#8221;m-b-md&#8221;][vc_column_text]Ortamdaki kirli havay\u0131 \u0131s\u0131t\u0131larak ya da \u0131s\u0131tmadan, do\u011fal ak\u0131m yard\u0131m\u0131yla ilgili ortamdan hava emilerek d\u0131\u015far\u0131 kirli havan\u0131n at\u0131lmas\u0131, ortama temiz hava verilmesi i\u00e7in kullan\u0131lan sistemlere havaland\u0131rma sistemi denir.<\/p>\n<p>Havaland\u0131rma sistemleri, olduk\u00e7a pratik ve g\u00fcvenli bir \u00e7al\u0131\u015fma ortam\u0131 i\u00e7in duman, toz ve buhar gibi kirleri ortamdan uzakla\u015ft\u0131rmak i\u00e7in kullan\u0131lmaktad\u0131r. Havaland\u0131rma i\u00e7in pencerenin a\u00e7\u0131lmas\u0131n\u0131n yeterli gelmedi\u011fi durumlarda fan ve k\u00f6r\u00fcklerden de yararlan\u0131labilmektedir.<\/p>\n<p>Belirli bir h\u0131zda havan\u0131n ta\u015f\u0131narak, istenmeyen kirleticilerin ortadan kald\u0131r\u0131lmas\u0131 i\u00e7in kullan\u0131lan havaland\u0131rma sistemleri, mekanlara \u00f6zel olarak da tasarlanabilir.<\/p>\n<p>Kanal uygulamalar\u0131, da\u011f\u0131t\u0131m elemanlar\u0131, hava filtreleri, nemlendiriciler, havaland\u0131rma fanlar\u0131, \u0131s\u0131 geri kazan\u0131m \u00fcniteleri, kirli hava &#8211; toz &#8211; egzoz kurutucular\u2026..[\/vc_column_text][vc_gallery type=&#8221;nivo&#8221; interval=&#8221;3&#8243; images=&#8221;257&#8243; img_size=&#8221;1140&#215;430&#8243; onclick=&#8221;&#8221; el_class=&#8221;nav-right mb-1&#8243;][vc_separator color=&#8221;custom&#8221; style=&#8221;solid&#8221; gap=&#8221;taller&#8221; accent_color=&#8221;#dbdbdb&#8221; el_class=&#8221;m-b-none&#8221;][\/vc_column][\/vc_row][vc_row el_id=&#8221;yangin&#8221; el_class=&#8221;m-t-n-md p-t-md&#8221;][vc_column][vc_custom_heading text=&#8221;Yang\u0131n Sistemleri&#8221; use_theme_fonts=&#8221;yes&#8221; el_class=&#8221;m-b-md&#8221;][vc_column_text]Firmam\u0131z, yang\u0131n g\u00fcvenlik dan\u0131\u015fmanl\u0131\u011f\u0131 ve risk analizi hizmetleri ile yang\u0131n g\u00fcvenli\u011fi konusunda her a\u015famada m\u00fc\u015fteri odakl\u0131 olup; tasar\u0131m, sistem kurulumu, \u00fcr\u00fcn se\u00e7imi, i\u015fletmeye alma ve sat\u0131\u015f sonras\u0131 servis ve bak\u0131m hizmetlerini tek elden sunarak m\u00fc\u015fterilerinin zaman kayb\u0131n\u0131 engellemekte ve do\u011fru \u00fcr\u00fcn\u00fc en uygun fiyata alabilmelerine yard\u0131mc\u0131 olmaktad\u0131r. Yang\u0131n g\u00fcvenli\u011fi i\u00e7in do\u011fru \u00fcr\u00fcn ve sistemleri m\u00fc\u015fterilerine kazand\u0131rman\u0131n yeterli olmad\u0131\u011f\u0131n\u0131 \u00e7ok iyi bilen y\u00f6netimimiz, gerek bu \u00fcr\u00fcn ve sistemlerin kullan\u0131m\u0131 gerekse acil durum organizasyonlar\u0131, yang\u0131n yerindeki tehlikeler ve yang\u0131na m\u00fcdahale teknikleri hakk\u0131nda, elit kadrosu ile d\u00fczenli bilgilendirme hizmetleri vermektedir.<\/p>\n<p><strong>YN Proje Yap\u0131 A.\u015e.<\/strong>\u00a0 yang\u0131n sekt\u00f6r\u00fcndeki beklenti ve talepleri, bilgi, tecr\u00fcbe ve uzman bak\u0131\u015f a\u00e7\u0131s\u0131yla de\u011ferlendirmekte, dinamik ve yenilik\u00e7i bir yakla\u015f\u0131mla profesyonel \u00e7\u00f6z\u00fcmler sunarak m\u00fc\u015fteri memnuniyetini sa\u011flamay\u0131 b\u00f6ylece sad\u0131k m\u00fc\u015fteriler yaratmay\u0131 hedeflemektedir. \u201cSekt\u00f6rde g\u00fcven\u201d, \u201ckalitede s\u00fcreklilik\u201d, \u201ch\u0131zl\u0131 \u00e7\u00f6z\u00fcm\u201d, \u201cd\u00fcr\u00fcstl\u00fck\u201d ve \u201cuygun fiyat\u201d vizyonumuzu olu\u015fturan ve vazge\u00e7emeyece\u011fimiz de\u011ferlerimizdir.<\/p>\n<p><strong>Uygulama Alanlar\u0131<\/strong><\/p>\n<p>Binan\u0131n yang\u0131n g\u00fcvenli\u011fi i\u00e7in ihtiyac\u0131 olan yang\u0131n g\u00fcvenlik \u00f6nlemlerinin tespit edilmesi ve projelendirilmesi<\/p>\n<p>Yang\u0131n su rezervinin belirlenmesi,<\/p>\n<p>Riske uygun yang\u0131n pompa gruplar\u0131n\u0131n belirlenmesi,<\/p>\n<p>Riske uygun yang\u0131n hidrant ve dolaplar\u0131n\u0131n belirlenmesi,<\/p>\n<p>Riske uygun yang\u0131n alg\u0131lama ve ihbar sistemlerinin belirlenmesi,<\/p>\n<p>Riske uygun otomatik s\u00f6nd\u00fcrme sistemlerinin belirlenmesi.<\/p>\n<p>&#8211; Springler sistemleri,<\/p>\n<p>&#8211; Otomatik gazl\u0131 s\u00f6nd\u00fcrme sistemleri,<\/p>\n<p>&#8211; Otomatik tozlu s\u00f6nd\u00fcrme sistemleri,<\/p>\n<p>&#8211; Otomatik k\u00f6p\u00fckl\u00fc s\u00f6nd\u00fcrme sistemleri,<\/p>\n<p>&#8211; Davlumbaz s\u00f6nd\u00fcrme sistemleri,<\/p>\n<p>&#8211; Pano i\u00e7i s\u00f6nd\u00fcrme sistemleri,<\/p>\n<p>&nbsp;<\/p>\n<p>Binalar\u0131n yang\u0131ndan korunmas\u0131 hakk\u0131ndaki y\u00f6netmeli\u011fe g\u00f6re; personel tahliye g\u00fczerg\u00e2hlar\u0131n\u0131n, y\u00f6netmelik ve standartlara uygun hale getirilmesi i\u00e7in al\u0131nmas\u0131 gereken \u00f6nlemlerin tespiti ve raporland\u0131r\u0131lmas\u0131,<\/p>\n<p>\u0130n\u015faat\u0131 devam eden binalarda projenin standartlara uygunlu\u011funun denetlenmesi, projeye uygun tesisat yap\u0131m\u0131n\u0131n denetlenmesi, teknik \u015fartnamelerin haz\u0131rlanmas\u0131, yang\u0131n g\u00fcvenli\u011fi ile ilgili geli\u015fen teknolojiye uygun ekipman ve malzemenin temin edilmesi ve m\u00fc\u015fterilerin bu teknolojilerden haberdar edilmesi, yang\u0131n g\u00fcvenli\u011fi ile ilgili de\u011fi\u015fen standart ve y\u00f6netmelikler hakk\u0131nda m\u00fc\u015fterinin s\u00fcrekli bilgilendirilmesi.[\/vc_column_text][vc_gallery type=&#8221;nivo&#8221; interval=&#8221;3&#8243; images=&#8221;263,262,261&#8243; img_size=&#8221;1140&#215;430&#8243; onclick=&#8221;&#8221; el_class=&#8221;nav-right mb-1&#8243;][vc_separator color=&#8221;custom&#8221; style=&#8221;solid&#8221; gap=&#8221;taller&#8221; accent_color=&#8221;#dbdbdb&#8221; el_class=&#8221;m-b-none&#8221;][\/vc_column][\/vc_row][vc_row el_id=&#8221;sihhitesisat&#8221; el_class=&#8221;m-t-n-md p-t-md&#8221;][vc_column][vc_custom_heading text=&#8221;S\u0131hhi Tesisat&#8221; use_theme_fonts=&#8221;yes&#8221; el_class=&#8221;m-b-md&#8221;][vc_column_text]Ya\u015fanabilir yap\u0131larda mekanik tesisat\u0131n ba\u015f akt\u00f6rlerinden biri de ku\u015fkusuz s\u0131hhi tesisatt\u0131r. Temiz suyun sa\u011fl\u0131kl\u0131 bir \u015fekilde kullan\u0131m yerlerine kadar iletilmesini, kirli ve pis sular\u0131n toplanarak bina d\u0131\u015f\u0131na \u00e7\u0131kart\u0131lmas\u0131n\u0131 sa\u011flayan boru a\u011f\u0131na s\u0131hhi tesisat denir.<\/p>\n<p>Yap\u0131larda suya, sa\u011fl\u0131kl\u0131 \u015fekilde ula\u015fman\u0131n yolu tesisat sisteminin projelendirilmesinden, \u00fcr\u00fcn se\u00e7imine ait s\u00fcre\u00e7lerden ge\u00e7er.<br \/>\nS\u0131hhi tesisat, insan sa\u011fl\u0131\u011f\u0131n\u0131n korunmas\u0131yla do\u011frudan ilgilidir. \u015eehirle\u015fme ve modern hayat, ihtiya\u00e7larla birlikte tesisat ve tesisat\u00e7\u0131l\u0131\u011f\u0131n \u00f6nemini art\u0131rd\u0131. Ayn\u0131 \u015fekilde kullan\u0131lan malzemeler de de\u011fi\u015fiklik g\u00f6sterdi.<br \/>\nSuyun ta\u015f\u0131nmas\u0131 konusu, insan sa\u011fl\u0131\u011f\u0131 ile do\u011frudan do\u011fruya ilgili oldu\u011fu i\u00e7in temiz su tesisat\u0131nda\u00a0 kullan\u0131lan borular kullan\u0131m amac\u0131na uygun, su kalitesini etkilemeyen ve korozyona dayan\u0131kl\u0131 malzemelerden yap\u0131lmal\u0131d\u0131r.[\/vc_column_text][vc_gallery type=&#8221;nivo&#8221; interval=&#8221;3&#8243; images=&#8221;268,269&#8243; img_size=&#8221;1140&#215;430&#8243; onclick=&#8221;&#8221; el_class=&#8221;nav-right mb-1&#8243;][vc_separator color=&#8221;custom&#8221; style=&#8221;solid&#8221; gap=&#8221;taller&#8221; accent_color=&#8221;#dbdbdb&#8221; el_class=&#8221;m-b-none&#8221;][\/vc_column][\/vc_row][vc_row el_id=&#8221;endtesisat&#8221; el_class=&#8221;m-t-n-md p-t-md&#8221;][vc_column][vc_custom_heading text=&#8221;End\u00fcstriyel Tesisat&#8221; use_theme_fonts=&#8221;yes&#8221; el_class=&#8221;m-b-md&#8221;][vc_column_text]Firmam\u0131z end\u00fcstriyel tesisat alan\u0131nda K\u0131zg\u0131n Ya\u011f, Su, Buhar Tesisatlar\u0131, Bas\u0131n\u00e7l\u0131 Hava Tesisatlar\u0131, At\u0131k Is\u0131 Kazan\u0131, End\u00fcstriyel Havaland\u0131rma, End\u00fcstriyel Borulama, Proses Borulamas\u0131 i\u015flerinin projelendirilmesi ve uygulamas\u0131n\u0131 yapmaktad\u0131r.[\/vc_column_text][vc_gallery type=&#8221;nivo&#8221; interval=&#8221;3&#8243; images=&#8221;272,273&#8243; img_size=&#8221;1140&#215;430&#8243; onclick=&#8221;&#8221; el_class=&#8221;nav-right mb-1&#8243;][vc_separator color=&#8221;custom&#8221; style=&#8221;solid&#8221; gap=&#8221;taller&#8221; accent_color=&#8221;#dbdbdb&#8221; el_class=&#8221;m-b-none&#8221;][\/vc_column][\/vc_row]<\/p>\n","protected":false},"excerpt":{"rendered":"<p>[vc_row el_id=&#8221;isitma&#8221; el_class=&#8221;m-t-n-md p-t-md&#8221;][vc_column][vc_custom_heading text=&#8221;Is\u0131tma Sistemleri&#8221; use_theme_fonts=&#8221;yes&#8221; el_class=&#8221;m-b-md&#8221;][vc_column_text]Binalar i\u00e7in \u0131s\u0131tma sistemlerinin se\u00e7iminde farkl\u0131 fakt\u00f6rler belirleyici olabilmektedir. Bu fakt\u00f6rler aras\u0131nda \u00f6rnek olarak, binan\u0131n kullan\u0131m amac\u0131, binadaki b\u00f6l\u00fcmlerin kullan\u0131m s\u00fcreleri, mevcut ve kullan\u0131labilir yak\u0131t t\u00fcrleri, projenin b\u00fct\u00e7esi gibi kriterler yer almaktad\u0131r. Is\u0131tma tekni\u011fi, ekonomiklik ve \u00e7evre a\u00e7\u0131s\u0131ndan her bina i\u00e7in uygun \u00e7\u00f6z\u00fcm\u00fc bulmak amac\u0131yla farkl\u0131 \u0131s\u0131tma sistemi [&hellip;]<\/p>\n","protected":false},"author":1,"featured_media":0,"parent":36,"menu_order":0,"comment_status":"closed","ping_status":"closed","template":"","meta":{"footnotes":""},"class_list":["post-448","page","type-page","status-publish","hentry"],"_links":{"self":[{"href":"https:\/\/yn.com.tr\/index.php\/wp-json\/wp\/v2\/pages\/448","targetHints":{"allow":["GET"]}}],"collection":[{"href":"https:\/\/yn.com.tr\/index.php\/wp-json\/wp\/v2\/pages"}],"about":[{"href":"https:\/\/yn.com.tr\/index.php\/wp-json\/wp\/v2\/types\/page"}],"author":[{"embeddable":true,"href":"https:\/\/yn.com.tr\/index.php\/wp-json\/wp\/v2\/users\/1"}],"replies":[{"embeddable":true,"href":"https:\/\/yn.com.tr\/index.php\/wp-json\/wp\/v2\/comments?post=448"}],"version-history":[{"count":8,"href":"https:\/\/yn.com.tr\/index.php\/wp-json\/wp\/v2\/pages\/448\/revisions"}],"predecessor-version":[{"id":477,"href":"https:\/\/yn.com.tr\/index.php\/wp-json\/wp\/v2\/pages\/448\/revisions\/477"}],"up":[{"embeddable":true,"href":"https:\/\/yn.com.tr\/index.php\/wp-json\/wp\/v2\/pages\/36"}],"wp:attachment":[{"href":"https:\/\/yn.com.tr\/index.php\/wp-json\/wp\/v2\/media?parent=448"}],"curies":[{"name":"wp","href":"https:\/\/api.w.org\/{rel}","templated":true}]}}