{"id":429,"date":"2021-09-13T11:55:17","date_gmt":"2021-09-13T08:55:17","guid":{"rendered":"https:\/\/yn.com.tr\/?page_id=429"},"modified":"2021-09-13T12:01:38","modified_gmt":"2021-09-13T09:01:38","slug":"proje-ve-insaat-yonetimi","status":"publish","type":"page","link":"https:\/\/yn.com.tr\/index.php\/proje-ve-insaat-yonetimi\/","title":{"rendered":"Proje ve \u0130n\u015faat Y\u00f6netimi"},"content":{"rendered":"<p>[vc_row el_id=&#8221;projeinsaat&#8221; el_class=&#8221;m-t-n-md p-t-md&#8221;][vc_column][vc_custom_heading text=&#8221;Proje ve \u0130n\u015faat Y\u00f6netimi&#8221; use_theme_fonts=&#8221;yes&#8221; el_class=&#8221;m-b-md&#8221;][vc_column_text]Proje y\u00f6netimi; belirli bir projenin hedef ve ama\u00e7lar\u0131na uygun olarak, planlanan zamanda bitirilmesi i\u00e7in uygun tekniklerin ve kaynaklar\u0131n planlanmas\u0131, organize edilmesi, bilginin payla\u015f\u0131lmas\u0131, b\u00fct\u00e7enin do\u011fru kullan\u0131lmas\u0131, proje ve imalat\u0131n kontrol\u00fc ve s\u00fcrecin y\u00f6netilmesidir.<\/p>\n<p><strong>YN PROJE YAPI A.\u015e<\/strong>. olarak proje y\u00f6netiminin farkl\u0131 a\u015famalar\u0131nda i\u015fverenlerimizin stratejik \u00e7\u00f6z\u00fcm orta\u011f\u0131 oluyoruz. Proje tamamland\u0131ktan sonra da s\u00fcrd\u00fcrebilir bir hizmet politikas\u0131 sunuyoruz.<\/p>\n<p>Proje ve in\u015faat y\u00f6netimi alan\u0131nda sundu\u011fumuz ba\u015fl\u0131ca hizmetler:[\/vc_column_text][vc_separator color=&#8221;custom&#8221; style=&#8221;solid&#8221; gap=&#8221;taller&#8221; accent_color=&#8221;#dbdbdb&#8221; el_class=&#8221;m-b-none&#8221;][\/vc_column][\/vc_row][vc_row el_id=&#8221;kontrol&#8221;][vc_column][vc_custom_heading text=&#8221;Proje Planlama ve Kontrol&#8221; use_theme_fonts=&#8221;yes&#8221; el_class=&#8221;m-t-xl&#8221;][vc_row_inner][vc_column_inner][vc_column_text]Proje planlamas\u0131nda ana ama\u00e7, yat\u0131r\u0131m, kar, maksimum fayda, b\u00fct\u00e7e gibi etmenlerin en faydal\u0131 \u015fekilde ortaya \u00e7\u0131kmas\u0131n\u0131 sa\u011flamakt\u0131r.<\/p>\n<p>Firmam\u0131z bu planlamalarla kaliteli, konforlu, b\u00fct\u00e7eye uyumlu en do\u011fru donan\u0131mlar\u0131n belirlenmesi i\u00e7in deneyimli uzmanlar\u0131 ile s\u00fcreci y\u00f6netir.[\/vc_column_text][\/vc_column_inner][\/vc_row_inner][vc_separator color=&#8221;custom&#8221; style=&#8221;solid&#8221; gap=&#8221;tall&#8221; accent_color=&#8221;#dbdbdb&#8221; el_class=&#8221;m-b-none&#8221;][\/vc_column][\/vc_row][vc_row el_id=&#8221;denetim&#8221;][vc_column][vc_row_inner][vc_column_inner animation_delay=&#8221;300&#8243; animation_type=&#8221;fadeInUp&#8221;][vc_custom_heading text=&#8221;Tasar\u0131m Koordinasyonu ve Denetimi&#8221; use_theme_fonts=&#8221;yes&#8221; el_class=&#8221;m-t-xl&#8221;][vc_column_text]<\/p>\n<div>\n<p>Tasar\u0131m koordinasyonunda, tasar\u0131m\u0131n ba\u015flang\u0131c\u0131ndan itibaren mimarlar, m\u00fchendisler, yap\u0131 sahibi, tedarik\u00e7iler ve uygulay\u0131c\u0131lar aras\u0131ndaki ileti\u015fim ve bilgi payla\u015f\u0131m\u0131n\u0131n koordinasyonunun sa\u011flanmas\u0131 beklenir.<\/p>\n<\/div>\n<div>\n<p>Projelerin eksiksiz bir \u015fekilde tamamlanabilmesi i\u00e7in, farkl\u0131 i\u015f disiplinlerinin ayn\u0131 projenin ortaklar\u0131 olarak uyum i\u00e7erisinde \u00e7al\u0131\u015fmas\u0131 ve bu s\u00fcrecin de tasar\u0131mdan kesin projeye kadar iyi bir \u015fekilde y\u00f6netilmesi ve denetlenmesi gerekmektedir.<\/p>\n<\/div>\n<p>[\/vc_column_text][\/vc_column_inner][\/vc_row_inner][vc_separator color=&#8221;custom&#8221; style=&#8221;solid&#8221; gap=&#8221;taller&#8221; accent_color=&#8221;#dbdbdb&#8221; el_class=&#8221;m-b-none&#8221;][\/vc_column][\/vc_row][vc_row el_id=&#8221;maliyet&#8221;][vc_column][vc_custom_heading text=&#8221;Maliyet Y\u00f6netimi&#8221; use_theme_fonts=&#8221;yes&#8221; el_class=&#8221;m-t-xl&#8221;][vc_column_text]<\/p>\n<div>\n<p>Maliyet y\u00f6netimi, metraj, hak edi\u015f ve kesin hesap \u00e7al\u0131\u015fmalar\u0131 yap\u0131larak proje b\u00fct\u00e7esinin olu\u015fturulmas\u0131 ve olas\u0131 de\u011fi\u015fiklikler ile g\u00fcncellenmesidir.<\/p>\n<\/div>\n<div>\n<p>Do\u011fru bir proje s\u00fcreci ard\u0131ndan ke\u015fif ve metrajlar ile yap\u0131n\u0131n maliyeti titizlikle hesaplan\u0131r ve maddi kay\u0131plar\u0131 engelleyecek bir b\u00fct\u00e7e haz\u0131rlan\u0131r.<b><\/b><\/p>\n<\/div>\n<p>[\/vc_column_text][\/vc_column][\/vc_row][vc_row el_id=&#8221;sure&#8221;][vc_column][vc_custom_heading text=&#8221;S\u00fcre Y\u00f6netimi&#8221; use_theme_fonts=&#8221;yes&#8221; el_class=&#8221;m-t-xl&#8221;][vc_column_text]<\/p>\n<div>\n<p>Proje ve Planlama y\u00f6netimi ile proje hedeflerine uygun \u015fekilde i\u015f program\u0131 haz\u0131rlanarak proje ve in\u015faat s\u00fcresine ait i\u015f program\u0131 olu\u015fturulur ve zaman i\u00e7inde izlenerek, gerekti\u011finde g\u00fcncellenir.<b><\/b><\/p>\n<\/div>\n<p>[\/vc_column_text][\/vc_column][\/vc_row][vc_row el_id=&#8221;ihale&#8221;][vc_column][vc_custom_heading text=&#8221;\u0130hale Dosyalar\u0131n\u0131n Haz\u0131rlanmas\u0131 ve Y\u00f6netimi&#8221; use_theme_fonts=&#8221;yes&#8221; el_class=&#8221;m-t-xl&#8221;][vc_column_text]<\/p>\n<div>\n<p>Firmam\u0131zca, mimari, statik, elektrik, mekanik, peyzaj gibi proje s\u00fcrecindeki t\u00fcm disiplinlerin ihale dok\u00fcmanlar\u0131n\u0131n haz\u0131rlanmas\u0131 ve ihale s\u00fcrecinin planlanarak koordineli bir \u015fekilde y\u00f6netilmesi sa\u011flanmaktad\u0131r. <b><\/b><\/p>\n<\/div>\n<p>[\/vc_column_text][\/vc_column][\/vc_row][vc_row el_id=&#8221;risk&#8221;][vc_column][vc_custom_heading text=&#8221;Risk Y\u00f6netimi ve Kontrol&#8221; use_theme_fonts=&#8221;yes&#8221; el_class=&#8221;m-t-xl&#8221;][vc_column_text]<\/p>\n<div>\n<p>Her projede ya\u015fanabilecek olas\u0131 aksakl\u0131klar\u0131 minumuma indirmek risk y\u00f6netimi ile m\u00fcmk\u00fcnd\u00fcr. Bu ba\u011flamda risk de\u011ferlendirmeleri yap\u0131l\u0131r, proje riskleri tespit edilir, de\u011ferlendirilir ve zaman i\u00e7inde g\u00fcncellenir. B\u00f6ylece aniden ortaya \u00e7\u0131kacak sorunlar\u0131n tespiti ve \u00e7\u00f6z\u00fcm\u00fc kolayca ger\u00e7ekle\u015fir.<b><\/b><\/p>\n<\/div>\n<p>[\/vc_column_text][\/vc_column][\/vc_row][vc_row el_id=&#8221;rapor&#8221;][vc_column][vc_custom_heading text=&#8221;Raporlama&#8221; use_theme_fonts=&#8221;yes&#8221; el_class=&#8221;m-t-xl&#8221;][vc_column_text]<\/p>\n<div>\n<p>\u0130\u015fverene ve resmi kurumlara bilgi vermek amac\u0131yla periyodik olarak raporlama yap\u0131lmas\u0131 \u00f6nemlidir.<b><\/b><\/p>\n<\/div>\n<p>[\/vc_column_text][\/vc_column][\/vc_row][vc_row el_id=&#8221;iletisim&#8221;][vc_column][vc_custom_heading text=&#8221;\u0130leti\u015fim Y\u00f6netimi&#8221; use_theme_fonts=&#8221;yes&#8221; el_class=&#8221;m-t-xl&#8221;][vc_column_text]<\/p>\n<div>\n<p>\u0130leti\u015fim y\u00f6netimi projenin hayata ge\u00e7irilmesinde \u00f6nemli rol oynar. T\u00fcm proje payda\u015flar\u0131 ile ortak ileti\u015fim kurarak sa\u011fl\u0131kl\u0131 dokuman ve bilgi al\u0131\u015fveri\u015fi sa\u011flanmas\u0131, imalat s\u00fcrecinin do\u011fru ilerlemesine olanak verir. Yap\u0131 s\u00fcrecindeki olas\u0131 de\u011fi\u015fikliklerin ve yeniliklerin s\u00fcrekli olarak payla\u015f\u0131m\u0131, projede ger\u00e7ekle\u015fmesi m\u00fcmk\u00fcn bir sorunun erken tespit ve \u00e7\u00f6z\u00fcm\u00fcn\u00fc sa\u011flayacakt\u0131r.<b><\/b><\/p>\n<\/div>\n<p>[\/vc_column_text][\/vc_column][\/vc_row][vc_row el_id=&#8221;insaatkorrdinasyon&#8221;][vc_column][vc_custom_heading text=&#8221;\u0130n\u015faat Koordinasyonu ve Kontrol&#8221; use_theme_fonts=&#8221;yes&#8221; el_class=&#8221;m-t-xl&#8221;][vc_column_text]Projelerine uygun bir imalat s\u00fcreci i\u00e7in; teknik \u015fartnamelere, standartlara, s\u00f6zle\u015fmeye, fen ve sanat kurallar\u0131na uygun bir \u015fekilde i\u015f program\u0131 dahilinde in\u015faat\u0131n yap\u0131m\u0131n\u0131 sa\u011flanmas\u0131 ve bu ba\u011flamda s\u00fcrecin y\u00f6netimi ve denetimi gereklidir. Bu kapsamda y\u00f6netim ve kontrol\u00fc yap\u0131lacak ana hizmetler:<\/p>\n<ul>\n<li>Tedarik ve imalat s\u00fcre\u00e7lerinin denetlenmesi,<\/li>\n<li>Maliyet y\u00f6netimi kontrol\u00fc,<\/li>\n<li>Uygulama s\u0131ras\u0131nda i\u015f program\u0131n\u0131n takibi ve g\u00fcncellenmesi,<\/li>\n<li>\u0130hale dosya ve d\u00f6k\u00fcmanlar\u0131na uyum kontrol\u00fc,<\/li>\n<li>Proje risk de\u011ferlendirme \u00e7al\u0131\u015fmalar\u0131n\u0131n g\u00fcncellenmesi,<\/li>\n<li>Kalite g\u00fcvence ve kontrollerinin yap\u0131m\u0131,<\/li>\n<li>Periyodik raporlama yap\u0131lmas\u0131 ve kontrol\u00fc,<\/li>\n<li>Proje payda\u015flar\u0131, i\u015fveren, tedarik\u00e7i, saha uygulamac\u0131lar\u0131 aras\u0131ndaki bilgi ak\u0131\u015f\u0131 kontrol\u00fc,<\/li>\n<li>\u0130\u015f sa\u011fl\u0131\u011f\u0131 ve g\u00fcvenli\u011fi kontrolleri,<\/li>\n<\/ul>\n<p>[\/vc_column_text][\/vc_column][\/vc_row]<\/p>\n","protected":false},"excerpt":{"rendered":"<p>[vc_row el_id=&#8221;projeinsaat&#8221; el_class=&#8221;m-t-n-md p-t-md&#8221;][vc_column][vc_custom_heading text=&#8221;Proje ve \u0130n\u015faat Y\u00f6netimi&#8221; use_theme_fonts=&#8221;yes&#8221; el_class=&#8221;m-b-md&#8221;][vc_column_text]Proje y\u00f6netimi; belirli bir projenin hedef ve ama\u00e7lar\u0131na uygun olarak, planlanan zamanda bitirilmesi i\u00e7in uygun tekniklerin ve kaynaklar\u0131n planlanmas\u0131, organize edilmesi, bilginin payla\u015f\u0131lmas\u0131, b\u00fct\u00e7enin do\u011fru kullan\u0131lmas\u0131, proje ve imalat\u0131n kontrol\u00fc ve s\u00fcrecin y\u00f6netilmesidir. YN PROJE YAPI A.\u015e. olarak proje y\u00f6netiminin farkl\u0131 a\u015famalar\u0131nda i\u015fverenlerimizin stratejik \u00e7\u00f6z\u00fcm orta\u011f\u0131 [&hellip;]<\/p>\n","protected":false},"author":1,"featured_media":0,"parent":0,"menu_order":0,"comment_status":"closed","ping_status":"closed","template":"","meta":{"footnotes":""},"class_list":["post-429","page","type-page","status-publish","hentry"],"_links":{"self":[{"href":"https:\/\/yn.com.tr\/index.php\/wp-json\/wp\/v2\/pages\/429","targetHints":{"allow":["GET"]}}],"collection":[{"href":"https:\/\/yn.com.tr\/index.php\/wp-json\/wp\/v2\/pages"}],"about":[{"href":"https:\/\/yn.com.tr\/index.php\/wp-json\/wp\/v2\/types\/page"}],"author":[{"embeddable":true,"href":"https:\/\/yn.com.tr\/index.php\/wp-json\/wp\/v2\/users\/1"}],"replies":[{"embeddable":true,"href":"https:\/\/yn.com.tr\/index.php\/wp-json\/wp\/v2\/comments?post=429"}],"version-history":[{"count":2,"href":"https:\/\/yn.com.tr\/index.php\/wp-json\/wp\/v2\/pages\/429\/revisions"}],"predecessor-version":[{"id":432,"href":"https:\/\/yn.com.tr\/index.php\/wp-json\/wp\/v2\/pages\/429\/revisions\/432"}],"wp:attachment":[{"href":"https:\/\/yn.com.tr\/index.php\/wp-json\/wp\/v2\/media?parent=429"}],"curies":[{"name":"wp","href":"https:\/\/api.w.org\/{rel}","templated":true}]}}