{"id":346,"date":"2021-08-31T13:33:02","date_gmt":"2021-08-31T10:33:02","guid":{"rendered":"https:\/\/yn.com.tr\/?page_id=346"},"modified":"2021-09-24T14:52:39","modified_gmt":"2021-09-24T11:52:39","slug":"mimari-gorsellestirme","status":"publish","type":"page","link":"https:\/\/yn.com.tr\/index.php\/hizmetlerimiz\/mimari-gorsellestirme\/","title":{"rendered":"Mimari G\u00f6rselle\u015ftirme"},"content":{"rendered":"<p>[vc_row][vc_column][vc_custom_heading text=&#8221;Mimari G\u00f6rselle\u015ftirme&#8221; use_theme_fonts=&#8221;yes&#8221;][vc_column_text]Hayal etmek ve ger\u00e7ekle\u015fmeden yap\u0131y\u0131 ve yap\u0131l\u0131 \u00e7evreyi g\u00f6rmek m\u00fcmk\u00fcn.<\/p>\n<p>Firmam\u0131za iletilen mimari projeleri; teknoloji, sanat ve teknik bilgiyi birle\u015ftirerek, konsepti \u00a0\u00a0haz\u0131rl\u0131yoruz.<\/p>\n<p><strong>Yap\u0131n\u0131n ve yak\u0131n \u00e7evresinin bitmi\u015f haline en yak\u0131n canland\u0131rmas\u0131n\u0131 3D render ve animasyonlar\u0131m\u0131zla hayal etmenizi kolayla\u015ft\u0131r\u0131yoruz.<\/strong>[\/vc_column_text][\/vc_column][\/vc_row][vc_row][vc_column][vc_gallery type=&#8221;nivo&#8221; interval=&#8221;3&#8243; images=&#8221;501,502,503,504,505,506,507,508,509,510,511,512&#8243; img_size=&#8221;large&#8221; onclick=&#8221;&#8221;][\/vc_column][\/vc_row]<\/p>\n","protected":false},"excerpt":{"rendered":"<p>[vc_row][vc_column][vc_custom_heading text=&#8221;Mimari G\u00f6rselle\u015ftirme&#8221; use_theme_fonts=&#8221;yes&#8221;][vc_column_text]Hayal etmek ve ger\u00e7ekle\u015fmeden yap\u0131y\u0131 ve yap\u0131l\u0131 \u00e7evreyi g\u00f6rmek m\u00fcmk\u00fcn. Firmam\u0131za iletilen mimari projeleri; teknoloji, sanat ve teknik bilgiyi birle\u015ftirerek, konsepti \u00a0\u00a0haz\u0131rl\u0131yoruz. Yap\u0131n\u0131n ve yak\u0131n \u00e7evresinin bitmi\u015f haline en yak\u0131n canland\u0131rmas\u0131n\u0131 3D render ve animasyonlar\u0131m\u0131zla hayal etmenizi kolayla\u015ft\u0131r\u0131yoruz.[\/vc_column_text][\/vc_column][\/vc_row][vc_row][vc_column][vc_gallery type=&#8221;nivo&#8221; interval=&#8221;3&#8243; images=&#8221;501,502,503,504,505,506,507,508,509,510,511,512&#8243; img_size=&#8221;large&#8221; onclick=&#8221;&#8221;][\/vc_column][\/vc_row]<\/p>\n","protected":false},"author":1,"featured_media":0,"parent":36,"menu_order":0,"comment_status":"closed","ping_status":"closed","template":"","meta":{"footnotes":""},"class_list":["post-346","page","type-page","status-publish","hentry"],"_links":{"self":[{"href":"https:\/\/yn.com.tr\/index.php\/wp-json\/wp\/v2\/pages\/346","targetHints":{"allow":["GET"]}}],"collection":[{"href":"https:\/\/yn.com.tr\/index.php\/wp-json\/wp\/v2\/pages"}],"about":[{"href":"https:\/\/yn.com.tr\/index.php\/wp-json\/wp\/v2\/types\/page"}],"author":[{"embeddable":true,"href":"https:\/\/yn.com.tr\/index.php\/wp-json\/wp\/v2\/users\/1"}],"replies":[{"embeddable":true,"href":"https:\/\/yn.com.tr\/index.php\/wp-json\/wp\/v2\/comments?post=346"}],"version-history":[{"count":12,"href":"https:\/\/yn.com.tr\/index.php\/wp-json\/wp\/v2\/pages\/346\/revisions"}],"predecessor-version":[{"id":516,"href":"https:\/\/yn.com.tr\/index.php\/wp-json\/wp\/v2\/pages\/346\/revisions\/516"}],"up":[{"embeddable":true,"href":"https:\/\/yn.com.tr\/index.php\/wp-json\/wp\/v2\/pages\/36"}],"wp:attachment":[{"href":"https:\/\/yn.com.tr\/index.php\/wp-json\/wp\/v2\/media?parent=346"}],"curies":[{"name":"wp","href":"https:\/\/api.w.org\/{rel}","templated":true}]}}